{"id":30,"date":"2022-04-13T08:58:23","date_gmt":"2022-04-13T06:58:23","guid":{"rendered":"http:\/\/blog-force4disc.com\/?page_id=30"},"modified":"2022-10-13T17:39:47","modified_gmt":"2022-10-13T15:39:47","slug":"comment-acheter-des-credits-sur-force4disc","status":"publish","type":"page","link":"https:\/\/blog-force4disc.com\/index.php\/comment-acheter-des-credits-sur-force4disc\/","title":{"rendered":"Comment acheter des cr\u00e9dits sur Force4DISC ?"},"content":{"rendered":"\n<p>Pour mieux vous connaitre, commencez par effectuer un test DISC sur force4disc afin d\u2019identifier votre profil. Invitez ensuite les membres de votre \u00e9quipe \u00e0 faire de m\u00eame.<\/p>\n\n\n\n<p>Que vous soyez un individuel, un chef d\u2019\u00e9quipe, un coach ou bien un formateur, la premi\u00e8re \u00e9tape est d\u2019acheter les cr\u00e9dits n\u00e9cessaires pour attribuer des tests. Vous <strong>achetez les cr\u00e9dits vous-m\u00eame, en quelques instants, et sans aucun interm\u00e9diaire<\/strong>.<\/p>\n\n\n\n<p>Le site force4disc.com fonctionne \u00e0 l\u2019aide d\u2019un syst\u00e8me de cr\u00e9dit tr\u00e8s simple. Un cr\u00e9dit permet \u00e0 une personne d\u2019effectuer un test. <strong>Toutes les options des tests sont incluses dans le cr\u00e9dit<\/strong>, y compris les rapports PDF. Il n\u2019y a <strong>ni co\u00fbt cach\u00e9 ni mauvaise surprise<\/strong>.<\/p>\n\n\n\n<h2 class=\"wp-block-heading\">Tableau de bord<\/h2>\n\n\n\n<p>Le processus d\u2019achat est identique \u00e0 ceux de la plupart des plateformes en ligne. Une fois connect\u00e9 sur votre compte utilisateur, il suffit de se rendre dans <a href=\"https:\/\/force4disc.com\/fr\/shop\" target=\"_blank\" rel=\"noreferrer noopener\">la boutique<\/a>, \u00e0 l\u2019aide du menu \u00ab\u00a0Boutique\u00a0\u00bb ou en cliquant sur l\u2019ic\u00f4ne \u00ab\u00a0Acheter des cr\u00e9dits\u00a0\u00bb.<\/p>\n\n\n\n<figure class=\"wp-block-image aligncenter size-large is-resized img-bordered\"><img decoding=\"async\" src=\"http:\/\/blog-force4disc.com\/wp-content\/uploads\/2022\/04\/dashboard-01-vert-1-1024x1018.png\" alt=\"\" class=\"wp-image-83\" width=\"600\" srcset=\"https:\/\/blog-force4disc.com\/wp-content\/uploads\/2022\/04\/dashboard-01-vert-1-1024x1018.png 1024w, https:\/\/blog-force4disc.com\/wp-content\/uploads\/2022\/04\/dashboard-01-vert-1-300x298.png 300w, https:\/\/blog-force4disc.com\/wp-content\/uploads\/2022\/04\/dashboard-01-vert-1-150x150.png 150w, https:\/\/blog-force4disc.com\/wp-content\/uploads\/2022\/04\/dashboard-01-vert-1-768x763.png 768w, https:\/\/blog-force4disc.com\/wp-content\/uploads\/2022\/04\/dashboard-01-vert-1.png 1280w\" sizes=\"(max-width: 1024px) 100vw, 1024px\" \/><\/figure>\n\n\n\n<h2 class=\"wp-block-heading\">Boutique<\/h2>\n\n\n\n<p>Les cr\u00e9dits sont propos\u00e9s \u00e0 l\u2019unit\u00e9 et en pack. Pour 7 cr\u00e9dits, par exemple, il faudra prendre un pack de 5 cr\u00e9dits et 2 cr\u00e9dits \u00e0 l\u2019unit\u00e9 en cliquant autant de fois que n\u00e9cessaire sur les boutons correspondants.<\/p>\n\n\n\n<figure class=\"wp-block-image aligncenter size-large is-resized img-bordered\"><img decoding=\"async\" src=\"http:\/\/blog-force4disc.com\/wp-content\/uploads\/2022\/04\/shop-01-vert-510x1024.png\" alt=\"\" class=\"wp-image-55\" width=\"600\" srcset=\"https:\/\/blog-force4disc.com\/wp-content\/uploads\/2022\/04\/shop-01-vert-510x1024.png 510w, https:\/\/blog-force4disc.com\/wp-content\/uploads\/2022\/04\/shop-01-vert-149x300.png 149w, https:\/\/blog-force4disc.com\/wp-content\/uploads\/2022\/04\/shop-01-vert-768x1542.png 768w, https:\/\/blog-force4disc.com\/wp-content\/uploads\/2022\/04\/shop-01-vert-765x1536.png 765w, https:\/\/blog-force4disc.com\/wp-content\/uploads\/2022\/04\/shop-01-vert-1020x2048.png 1020w, https:\/\/blog-force4disc.com\/wp-content\/uploads\/2022\/04\/shop-01-vert.png 1280w\" sizes=\"(max-width: 510px) 100vw, 510px\" \/><\/figure>\n\n\n\n<p>Le bloc de rappel du panier se rempli au fur et \u00e0 mesure des ajouts.<\/p>\n\n\n\n<figure class=\"wp-block-image aligncenter size-large img-bordered\"><img loading=\"lazy\" decoding=\"async\" width=\"1024\" height=\"579\" src=\"http:\/\/blog-force4disc.com\/wp-content\/uploads\/2022\/10\/shop-02-vert_crop-1024x579.png\" alt=\"\" class=\"wp-image-248\" srcset=\"https:\/\/blog-force4disc.com\/wp-content\/uploads\/2022\/10\/shop-02-vert_crop-1024x579.png 1024w, https:\/\/blog-force4disc.com\/wp-content\/uploads\/2022\/10\/shop-02-vert_crop-300x170.png 300w, https:\/\/blog-force4disc.com\/wp-content\/uploads\/2022\/10\/shop-02-vert_crop-768x434.png 768w, https:\/\/blog-force4disc.com\/wp-content\/uploads\/2022\/10\/shop-02-vert_crop.png 1280w\" sizes=\"auto, (max-width: 1024px) 100vw, 1024px\" \/><\/figure>\n\n\n\n<figure class=\"wp-block-image aligncenter size-large img-bordered\"><img loading=\"lazy\" decoding=\"async\" width=\"1024\" height=\"424\" src=\"http:\/\/blog-force4disc.com\/wp-content\/uploads\/2022\/10\/shop-03-vert_crop-1024x424.png\" alt=\"\" class=\"wp-image-249\" srcset=\"https:\/\/blog-force4disc.com\/wp-content\/uploads\/2022\/10\/shop-03-vert_crop-1024x424.png 1024w, https:\/\/blog-force4disc.com\/wp-content\/uploads\/2022\/10\/shop-03-vert_crop-300x124.png 300w, https:\/\/blog-force4disc.com\/wp-content\/uploads\/2022\/10\/shop-03-vert_crop-768x318.png 768w, https:\/\/blog-force4disc.com\/wp-content\/uploads\/2022\/10\/shop-03-vert_crop.png 1280w\" sizes=\"auto, (max-width: 1024px) 100vw, 1024px\" \/><\/figure>\n\n\n\n<h2 class=\"wp-block-heading\">Panier<\/h2>\n\n\n\n<p>Le bouton \u00ab\u00a0Retour au panier\u00a0\u00bb et l\u2019ic\u00f4ne en forme de caddie (en haut \u00e0 droite) permettent de consulter les d\u00e9tails des produits dans votre <a href=\"https:\/\/force4disc.com\/fr\/cart\" target=\"_blank\" rel=\"noreferrer noopener\">panier <\/a>et de modifier les quantit\u00e9s.<\/p>\n\n\n\n<figure class=\"wp-block-image aligncenter size-large is-resized img-bordered\"><img decoding=\"async\" src=\"http:\/\/blog-force4disc.com\/wp-content\/uploads\/2022\/04\/cart-01-vert-1-1024x955.png\" alt=\"\" class=\"wp-image-65\" width=\"600\" srcset=\"https:\/\/blog-force4disc.com\/wp-content\/uploads\/2022\/04\/cart-01-vert-1-1024x955.png 1024w, https:\/\/blog-force4disc.com\/wp-content\/uploads\/2022\/04\/cart-01-vert-1-300x280.png 300w, https:\/\/blog-force4disc.com\/wp-content\/uploads\/2022\/04\/cart-01-vert-1-768x716.png 768w, https:\/\/blog-force4disc.com\/wp-content\/uploads\/2022\/04\/cart-01-vert-1.png 1280w\" sizes=\"(max-width: 1024px) 100vw, 1024px\" \/><\/figure>\n\n\n\n<p>Les montant se mettent automatiquement \u00e0 jour au fur et \u00e0 mesure que vous augmentez les quantit\u00e9s.<\/p>\n\n\n\n<figure class=\"wp-block-image aligncenter size-large img-bordered\"><img loading=\"lazy\" decoding=\"async\" width=\"1024\" height=\"318\" src=\"http:\/\/blog-force4disc.com\/wp-content\/uploads\/2022\/10\/cart-02-vert_crop-1024x318.png\" alt=\"\" class=\"wp-image-252\" srcset=\"https:\/\/blog-force4disc.com\/wp-content\/uploads\/2022\/10\/cart-02-vert_crop-1024x318.png 1024w, https:\/\/blog-force4disc.com\/wp-content\/uploads\/2022\/10\/cart-02-vert_crop-300x93.png 300w, https:\/\/blog-force4disc.com\/wp-content\/uploads\/2022\/10\/cart-02-vert_crop-768x238.png 768w, https:\/\/blog-force4disc.com\/wp-content\/uploads\/2022\/10\/cart-02-vert_crop.png 1280w\" sizes=\"auto, (max-width: 1024px) 100vw, 1024px\" \/><\/figure>\n\n\n\n<h2 class=\"wp-block-heading\">Code promo<\/h2>\n\n\n\n<p>Les codes promo peuvent \u00eatre saisis directement sur la page du <a href=\"https:\/\/force4disc.com\/fr\/cart\" target=\"_blank\" rel=\"noreferrer noopener\">panier<\/a>.<\/p>\n\n\n\n<figure class=\"wp-block-image aligncenter size-large is-resized img-bordered\"><img decoding=\"async\" src=\"http:\/\/blog-force4disc.com\/wp-content\/uploads\/2022\/04\/cart-03-vert-992x1024.png\" alt=\"\" class=\"wp-image-68\" width=\"600\" srcset=\"https:\/\/blog-force4disc.com\/wp-content\/uploads\/2022\/04\/cart-03-vert-992x1024.png 992w, https:\/\/blog-force4disc.com\/wp-content\/uploads\/2022\/04\/cart-03-vert-291x300.png 291w, https:\/\/blog-force4disc.com\/wp-content\/uploads\/2022\/04\/cart-03-vert-768x793.png 768w, https:\/\/blog-force4disc.com\/wp-content\/uploads\/2022\/04\/cart-03-vert.png 1280w\" sizes=\"(max-width: 992px) 100vw, 992px\" \/><\/figure>\n\n\n\n<p>La r\u00e9duction est directement appliqu\u00e9e sur le total.<\/p>\n\n\n\n<figure class=\"wp-block-image aligncenter size-large img-bordered\"><img loading=\"lazy\" decoding=\"async\" width=\"1024\" height=\"337\" src=\"http:\/\/blog-force4disc.com\/wp-content\/uploads\/2022\/10\/cart-04-vert_crop-1024x337.png\" alt=\"\" class=\"wp-image-250\" srcset=\"https:\/\/blog-force4disc.com\/wp-content\/uploads\/2022\/10\/cart-04-vert_crop-1024x337.png 1024w, https:\/\/blog-force4disc.com\/wp-content\/uploads\/2022\/10\/cart-04-vert_crop-300x99.png 300w, https:\/\/blog-force4disc.com\/wp-content\/uploads\/2022\/10\/cart-04-vert_crop-768x253.png 768w, https:\/\/blog-force4disc.com\/wp-content\/uploads\/2022\/10\/cart-04-vert_crop.png 1280w\" sizes=\"auto, (max-width: 1024px) 100vw, 1024px\" \/><\/figure>\n\n\n\n<h2 class=\"wp-block-heading\">Payer<\/h2>\n\n\n\n<p>Le bouton \u00ab&nbsp;Payer&nbsp;\u00bb permet de finaliser l\u2019achat. Le site vous demandera quelques informations personnelles pour \u00e9tablir votre facture. \u00c0 tout moment, il est possible de revenir au panier pour changer les quantit\u00e9s en cliquant sur le bouton \u00ab&nbsp;Retour au panier&nbsp;\u00bb.<\/p>\n\n\n\n<figure class=\"wp-block-image aligncenter size-large is-resized img-bordered\"><img decoding=\"async\" src=\"http:\/\/blog-force4disc.com\/wp-content\/uploads\/2022\/04\/pay-01-567x1024.png\" alt=\"\" class=\"wp-image-71\" width=\"600\" srcset=\"https:\/\/blog-force4disc.com\/wp-content\/uploads\/2022\/04\/pay-01-567x1024.png 567w, https:\/\/blog-force4disc.com\/wp-content\/uploads\/2022\/04\/pay-01-166x300.png 166w, https:\/\/blog-force4disc.com\/wp-content\/uploads\/2022\/04\/pay-01-768x1387.png 768w, https:\/\/blog-force4disc.com\/wp-content\/uploads\/2022\/04\/pay-01-851x1536.png 851w, https:\/\/blog-force4disc.com\/wp-content\/uploads\/2022\/04\/pay-01-1134x2048.png 1134w, https:\/\/blog-force4disc.com\/wp-content\/uploads\/2022\/04\/pay-01.png 1280w\" sizes=\"(max-width: 567px) 100vw, 567px\" \/><\/figure>\n\n\n\n<p>Le site force4disc.com vous propose de payer par PayPal et par Carte Bleue (CB).<\/p>\n\n\n\n<p>Note&nbsp;: Vos informations de paiement sont envoy\u00e9es \u00e0 notre partenaire bancaire (PayPal) via une <strong>connexion s\u00e9curis\u00e9e<\/strong>, sans transiter par nos serveurs (SIP2).<\/p>\n\n\n\n<p>Si besoin, nous pouvons vous permettre de r\u00e9gler par <strong>virement bancaire<\/strong>. Le cas \u00e9ch\u00e9ant, <a href=\"https:\/\/force4disc.com\/fr\/contact\" data-type=\"URL\" data-id=\"https:\/\/force4disc.com\/fr\/contact\">contactez-nous<\/a> pour \u00e9tablir <strong>un devis<\/strong>.<\/p>\n\n\n\n<figure class=\"wp-block-image aligncenter size-large is-resized img-bordered\"><img decoding=\"async\" src=\"http:\/\/blog-force4disc.com\/wp-content\/uploads\/2022\/04\/pay-02-1024x1015.png\" alt=\"\" class=\"wp-image-72\" width=\"600\" srcset=\"https:\/\/blog-force4disc.com\/wp-content\/uploads\/2022\/04\/pay-02-1024x1015.png 1024w, https:\/\/blog-force4disc.com\/wp-content\/uploads\/2022\/04\/pay-02-300x297.png 300w, https:\/\/blog-force4disc.com\/wp-content\/uploads\/2022\/04\/pay-02-150x150.png 150w, https:\/\/blog-force4disc.com\/wp-content\/uploads\/2022\/04\/pay-02-768x761.png 768w, https:\/\/blog-force4disc.com\/wp-content\/uploads\/2022\/04\/pay-02.png 1280w\" sizes=\"(max-width: 1024px) 100vw, 1024px\" \/><\/figure>\n\n\n\n<figure class=\"wp-block-image aligncenter size-large is-resized img-bordered\"><img decoding=\"async\" src=\"http:\/\/blog-force4disc.com\/wp-content\/uploads\/2022\/04\/pay-03-1024x1015.png\" alt=\"\" class=\"wp-image-74\" width=\"597\" srcset=\"https:\/\/blog-force4disc.com\/wp-content\/uploads\/2022\/04\/pay-03-1024x1015.png 1024w, https:\/\/blog-force4disc.com\/wp-content\/uploads\/2022\/04\/pay-03-300x297.png 300w, https:\/\/blog-force4disc.com\/wp-content\/uploads\/2022\/04\/pay-03-150x150.png 150w, https:\/\/blog-force4disc.com\/wp-content\/uploads\/2022\/04\/pay-03-768x761.png 768w, https:\/\/blog-force4disc.com\/wp-content\/uploads\/2022\/04\/pay-03.png 1280w\" sizes=\"(max-width: 1024px) 100vw, 1024px\" \/><\/figure>\n\n\n\n<p>Note&nbsp;: Lors d\u2019un paiement par CB, et conform\u00e9ment \u00e0 la r\u00e9glementation, le processus peut inclure une double v\u00e9rification de votre identit\u00e9 (3D Secure v2). En fonction de votre banque, cela peut \u00eatre un code re\u00e7u par SMS, un num\u00e9ro issu d\u2019une carte \u00e0 gratter, un token g\u00e9n\u00e9r\u00e9 par une calculette, etc.<\/p>\n\n\n\n<h2 class=\"wp-block-heading\">Facture<\/h2>\n\n\n\n<p>La transaction peut durer quelques secondes. Votre facture est automatiquement \u00e9dit\u00e9e et envoy\u00e9e par email \u00e0 l\u2019adresse que vous avez renseign\u00e9e dans le formulaire. La facture est \u00e9galement disponible depuis <a href=\"https:\/\/force4disc.com\/fr\/dashboard\" target=\"_blank\" rel=\"noreferrer noopener\">votre espace personnel<\/a>, et conserv\u00e9e pendant 5 ans.<\/p>\n\n\n\n<figure class=\"wp-block-image aligncenter size-large is-resized img-bordered\"><img decoding=\"async\" src=\"http:\/\/blog-force4disc.com\/wp-content\/uploads\/2022\/04\/pay-04-1024x698.png\" alt=\"\" class=\"wp-image-76\" width=\"600\" srcset=\"https:\/\/blog-force4disc.com\/wp-content\/uploads\/2022\/04\/pay-04-1024x698.png 1024w, https:\/\/blog-force4disc.com\/wp-content\/uploads\/2022\/04\/pay-04-300x204.png 300w, https:\/\/blog-force4disc.com\/wp-content\/uploads\/2022\/04\/pay-04-768x523.png 768w, https:\/\/blog-force4disc.com\/wp-content\/uploads\/2022\/04\/pay-04.png 1280w\" sizes=\"(max-width: 1024px) 100vw, 1024px\" \/><\/figure>\n\n\n\n<figure class=\"wp-block-image aligncenter size-large is-resized img-bordered\"><img decoding=\"async\" src=\"http:\/\/blog-force4disc.com\/wp-content\/uploads\/2022\/04\/invoice-01-829x1024.png\" alt=\"\" class=\"wp-image-78\" width=\"600\" srcset=\"https:\/\/blog-force4disc.com\/wp-content\/uploads\/2022\/04\/invoice-01-829x1024.png 829w, https:\/\/blog-force4disc.com\/wp-content\/uploads\/2022\/04\/invoice-01-243x300.png 243w, https:\/\/blog-force4disc.com\/wp-content\/uploads\/2022\/04\/invoice-01-768x949.png 768w, https:\/\/blog-force4disc.com\/wp-content\/uploads\/2022\/04\/invoice-01-1243x1536.png 1243w, https:\/\/blog-force4disc.com\/wp-content\/uploads\/2022\/04\/invoice-01.png 1280w\" sizes=\"(max-width: 829px) 100vw, 829px\" \/><\/figure>\n\n\n\n<h2 class=\"wp-block-heading\">Cr\u00e9dits utilisables sans attente<\/h2>\n\n\n\n<p>Les cr\u00e9dits achet\u00e9s sont <strong>imm\u00e9diatement disponibles<\/strong> sur <a href=\"https:\/\/force4disc.com\/fr\/dashboard\" target=\"_blank\" rel=\"noreferrer noopener\">votre compte<\/a>. <\/p>\n\n\n\n<p>Vous pouvez les utiliser pour effectuer vous-m\u00eame un test \u00e0 l\u2019aide du menu \u00ab&nbsp;Test&nbsp;\u00bb ou pour attribuer des tests \u00e0 vos interlocuteurs (famille, amis, collaborateurs, clients, stagiaires, etc.) \u00e0 l\u2019aide de l\u2019ic\u00f4ne \u00ab&nbsp;Attribution de tests&nbsp;\u00bb.<\/p>\n\n\n\n<figure class=\"wp-block-image aligncenter size-large is-resized img-bordered\"><img decoding=\"async\" src=\"http:\/\/blog-force4disc.com\/wp-content\/uploads\/2022\/04\/dashboard-02-vert-968x1024.png\" alt=\"\" class=\"wp-image-79\" width=\"600\" srcset=\"https:\/\/blog-force4disc.com\/wp-content\/uploads\/2022\/04\/dashboard-02-vert-968x1024.png 968w, https:\/\/blog-force4disc.com\/wp-content\/uploads\/2022\/04\/dashboard-02-vert-284x300.png 284w, https:\/\/blog-force4disc.com\/wp-content\/uploads\/2022\/04\/dashboard-02-vert-768x812.png 768w, https:\/\/blog-force4disc.com\/wp-content\/uploads\/2022\/04\/dashboard-02-vert.png 1280w\" sizes=\"(max-width: 968px) 100vw, 968px\" \/><\/figure>\n\n\n\n<p><\/p>\n\n\n\n<p><\/p>\n","protected":false},"excerpt":{"rendered":"<p>Pour mieux vous connaitre, commencez par effectuer un test DISC sur force4disc afin d\u2019identifier votre profil. Invitez ensuite les membres de votre \u00e9quipe \u00e0 faire de m\u00eame. Que vous soyez un individuel, un chef d\u2019\u00e9quipe, un coach ou bien un formateur, la premi\u00e8re \u00e9tape est d\u2019acheter les cr\u00e9dits n\u00e9cessaires pour attribuer des tests. Vous achetez &hellip;<\/p>\n<p class=\"read-more\"> <a class=\"\" href=\"https:\/\/blog-force4disc.com\/index.php\/comment-acheter-des-credits-sur-force4disc\/\"> <span class=\"screen-reader-text\">Comment acheter des cr\u00e9dits sur Force4DISC ?<\/span> Read More &raquo;<\/a><\/p>\n","protected":false},"author":1,"featured_media":0,"parent":0,"menu_order":0,"comment_status":"closed","ping_status":"closed","template":"","meta":{"site-sidebar-layout":"default","site-content-layout":"","ast-site-content-layout":"","site-content-style":"default","site-sidebar-style":"default","ast-global-header-display":"","ast-banner-title-visibility":"","ast-main-header-display":"","ast-hfb-above-header-display":"","ast-hfb-below-header-display":"","ast-hfb-mobile-header-display":"","site-post-title":"","ast-breadcrumbs-content":"","ast-featured-img":"","footer-sml-layout":"","theme-transparent-header-meta":"","adv-header-id-meta":"","stick-header-meta":"","header-above-stick-meta":"","header-main-stick-meta":"","header-below-stick-meta":"","astra-migrate-meta-layouts":"","ast-page-background-enabled":"default","ast-page-background-meta":{"desktop":{"background-color":"var(--ast-global-color-4)","background-image":"","background-repeat":"repeat","background-position":"center center","background-size":"auto","background-attachment":"scroll","background-type":"","background-media":"","overlay-type":"","overlay-color":"","overlay-gradient":""},"tablet":{"background-color":"","background-image":"","background-repeat":"repeat","background-position":"center center","background-size":"auto","background-attachment":"scroll","background-type":"","background-media":"","overlay-type":"","overlay-color":"","overlay-gradient":""},"mobile":{"background-color":"","background-image":"","background-repeat":"repeat","background-position":"center center","background-size":"auto","background-attachment":"scroll","background-type":"","background-media":"","overlay-type":"","overlay-color":"","overlay-gradient":""}},"ast-content-background-meta":{"desktop":{"background-color":"var(--ast-global-color-5)","background-image":"","background-repeat":"repeat","background-position":"center center","background-size":"auto","background-attachment":"scroll","background-type":"","background-media":"","overlay-type":"","overlay-color":"","overlay-gradient":""},"tablet":{"background-color":"var(--ast-global-color-5)","background-image":"","background-repeat":"repeat","background-position":"center center","background-size":"auto","background-attachment":"scroll","background-type":"","background-media":"","overlay-type":"","overlay-color":"","overlay-gradient":""},"mobile":{"background-color":"var(--ast-global-color-5)","background-image":"","background-repeat":"repeat","background-position":"center center","background-size":"auto","background-attachment":"scroll","background-type":"","background-media":"","overlay-type":"","overlay-color":"","overlay-gradient":""}},"footnotes":""},"class_list":["post-30","page","type-page","status-publish","hentry"],"_links":{"self":[{"href":"https:\/\/blog-force4disc.com\/index.php\/wp-json\/wp\/v2\/pages\/30","targetHints":{"allow":["GET"]}}],"collection":[{"href":"https:\/\/blog-force4disc.com\/index.php\/wp-json\/wp\/v2\/pages"}],"about":[{"href":"https:\/\/blog-force4disc.com\/index.php\/wp-json\/wp\/v2\/types\/page"}],"author":[{"embeddable":true,"href":"https:\/\/blog-force4disc.com\/index.php\/wp-json\/wp\/v2\/users\/1"}],"replies":[{"embeddable":true,"href":"https:\/\/blog-force4disc.com\/index.php\/wp-json\/wp\/v2\/comments?post=30"}],"version-history":[{"count":18,"href":"https:\/\/blog-force4disc.com\/index.php\/wp-json\/wp\/v2\/pages\/30\/revisions"}],"predecessor-version":[{"id":255,"href":"https:\/\/blog-force4disc.com\/index.php\/wp-json\/wp\/v2\/pages\/30\/revisions\/255"}],"wp:attachment":[{"href":"https:\/\/blog-force4disc.com\/index.php\/wp-json\/wp\/v2\/media?parent=30"}],"curies":[{"name":"wp","href":"https:\/\/api.w.org\/{rel}","templated":true}]}}