{"id":19,"date":"2022-04-13T08:51:16","date_gmt":"2022-04-13T06:51:16","guid":{"rendered":"http:\/\/blog-force4disc.com\/?page_id=19"},"modified":"2022-09-12T20:36:39","modified_gmt":"2022-09-12T18:36:39","slug":"test-disc","status":"publish","type":"page","link":"https:\/\/blog-force4disc.com\/index.php\/test-disc\/","title":{"rendered":"Test DISC (gratuit)"},"content":{"rendered":"\n<h2 class=\"wp-block-heading\">Etes-vous s\u00fbr de vous conna\u00eetre totalement ?<\/h2>\n\n\n\n<p>Nous avons chacun un comportement et des fa\u00e7ons de communiquer qui peuvent \u00eatre des forces ou des freins selon le contexte, les d\u00e9cisions \u00e0 prendre, les personnes en face de nous\u2026 L\u2019enjeu est de savoir s\u2019adapter\u00a0!<\/p>\n\n\n\n<p>Identifier votre personnalit\u00e9 DISC vous prendra \u00e0 peine 20 min et vous apportera beaucoup dans la vie de tous les jours.<\/p>\n\n\n\n<h2 class=\"wp-block-heading\">50 tests DISC gratuits par jour<\/h2>\n\n\n\n<p>Et en plus, <strong>nous offrons le test \u00e0 50 personnes chaque jour<\/strong>, de fa\u00e7on al\u00e9atoire. <\/p>\n\n\n\n<p>Pour les autres, le test est propos\u00e9 pour seulement 36\u20ac TTC.<\/p>\n\n\n\n<div class=\"wp-block-buttons is-layout-flex wp-block-buttons-is-layout-flex\">\n<div class=\"wp-block-button\"><a class=\"wp-block-button__link\" href=\"https:\/\/force4disc.com\/fr\/test-disc\" target=\"_blank\" rel=\"noreferrer noopener\">Faire le test<\/a><\/div>\n<\/div>\n\n\n\n<p><\/p>\n","protected":false},"excerpt":{"rendered":"<p>Etes-vous s\u00fbr de vous conna\u00eetre totalement ? Nous avons chacun un comportement et des fa\u00e7ons de communiquer qui peuvent \u00eatre des forces ou des freins selon le contexte, les d\u00e9cisions \u00e0 prendre, les personnes en face de nous\u2026 L\u2019enjeu est de savoir s\u2019adapter\u00a0! Identifier votre personnalit\u00e9 DISC vous prendra \u00e0 peine 20 min et vous &hellip;<\/p>\n<p class=\"read-more\"> <a class=\"\" href=\"https:\/\/blog-force4disc.com\/index.php\/test-disc\/\"> <span class=\"screen-reader-text\">Test DISC (gratuit)<\/span> Read More &raquo;<\/a><\/p>\n","protected":false},"author":1,"featured_media":0,"parent":0,"menu_order":1,"comment_status":"closed","ping_status":"closed","template":"","meta":{"site-sidebar-layout":"default","site-content-layout":"","ast-site-content-layout":"","site-content-style":"default","site-sidebar-style":"default","ast-global-header-display":"","ast-banner-title-visibility":"","ast-main-header-display":"","ast-hfb-above-header-display":"","ast-hfb-below-header-display":"","ast-hfb-mobile-header-display":"","site-post-title":"","ast-breadcrumbs-content":"","ast-featured-img":"","footer-sml-layout":"","theme-transparent-header-meta":"","adv-header-id-meta":"","stick-header-meta":"","header-above-stick-meta":"","header-main-stick-meta":"","header-below-stick-meta":"","astra-migrate-meta-layouts":"","ast-page-background-enabled":"default","ast-page-background-meta":{"desktop":{"background-color":"var(--ast-global-color-4)","background-image":"","background-repeat":"repeat","background-position":"center center","background-size":"auto","background-attachment":"scroll","background-type":"","background-media":"","overlay-type":"","overlay-color":"","overlay-gradient":""},"tablet":{"background-color":"","background-image":"","background-repeat":"repeat","background-position":"center center","background-size":"auto","background-attachment":"scroll","background-type":"","background-media":"","overlay-type":"","overlay-color":"","overlay-gradient":""},"mobile":{"background-color":"","background-image":"","background-repeat":"repeat","background-position":"center center","background-size":"auto","background-attachment":"scroll","background-type":"","background-media":"","overlay-type":"","overlay-color":"","overlay-gradient":""}},"ast-content-background-meta":{"desktop":{"background-color":"var(--ast-global-color-5)","background-image":"","background-repeat":"repeat","background-position":"center center","background-size":"auto","background-attachment":"scroll","background-type":"","background-media":"","overlay-type":"","overlay-color":"","overlay-gradient":""},"tablet":{"background-color":"var(--ast-global-color-5)","background-image":"","background-repeat":"repeat","background-position":"center center","background-size":"auto","background-attachment":"scroll","background-type":"","background-media":"","overlay-type":"","overlay-color":"","overlay-gradient":""},"mobile":{"background-color":"var(--ast-global-color-5)","background-image":"","background-repeat":"repeat","background-position":"center center","background-size":"auto","background-attachment":"scroll","background-type":"","background-media":"","overlay-type":"","overlay-color":"","overlay-gradient":""}},"footnotes":""},"class_list":["post-19","page","type-page","status-publish","hentry"],"_links":{"self":[{"href":"https:\/\/blog-force4disc.com\/index.php\/wp-json\/wp\/v2\/pages\/19","targetHints":{"allow":["GET"]}}],"collection":[{"href":"https:\/\/blog-force4disc.com\/index.php\/wp-json\/wp\/v2\/pages"}],"about":[{"href":"https:\/\/blog-force4disc.com\/index.php\/wp-json\/wp\/v2\/types\/page"}],"author":[{"embeddable":true,"href":"https:\/\/blog-force4disc.com\/index.php\/wp-json\/wp\/v2\/users\/1"}],"replies":[{"embeddable":true,"href":"https:\/\/blog-force4disc.com\/index.php\/wp-json\/wp\/v2\/comments?post=19"}],"version-history":[{"count":3,"href":"https:\/\/blog-force4disc.com\/index.php\/wp-json\/wp\/v2\/pages\/19\/revisions"}],"predecessor-version":[{"id":213,"href":"https:\/\/blog-force4disc.com\/index.php\/wp-json\/wp\/v2\/pages\/19\/revisions\/213"}],"wp:attachment":[{"href":"https:\/\/blog-force4disc.com\/index.php\/wp-json\/wp\/v2\/media?parent=19"}],"curies":[{"name":"wp","href":"https:\/\/api.w.org\/{rel}","templated":true}]}}